{"id":454,"date":"2025-11-24T15:48:00","date_gmt":"2025-11-24T14:48:00","guid":{"rendered":"http:\/\/szegedicicamentok.eu\/?page_id=454"},"modified":"2026-01-09T21:27:52","modified_gmt":"2026-01-09T20:27:52","slug":"nosteny-cicak","status":"publish","type":"page","link":"https:\/\/szegedicicamentok.eu\/?page_id=454","title":{"rendered":"N\u0151st\u00e9ny cic\u00e1k"},"content":{"rendered":"\n<div class=\"wp-block-columns is-layout-flex wp-container-core-columns-is-layout-28f84493 wp-block-columns-is-layout-flex\">\n<div class=\"wp-block-column is-layout-flow wp-block-column-is-layout-flow\"><\/div>\n\n\n\n<div class=\"wp-block-column is-layout-flow wp-block-column-is-layout-flow\"><\/div>\n\n\n\n<div class=\"wp-block-column is-layout-flow wp-block-column-is-layout-flow\"><\/div>\n<\/div>\n\n\n\n<div class=\"wp-block-columns is-layout-flex wp-container-core-columns-is-layout-28f84493 wp-block-columns-is-layout-flex\">\n<div class=\"wp-block-column is-layout-flow wp-block-column-is-layout-flow\">\n<div class=\"wp-block-cover has-custom-content-position is-position-bottom-center\"><img loading=\"lazy\" decoding=\"async\" width=\"1024\" height=\"768\" class=\"wp-block-cover__image-background wp-image-410\" alt=\"\" src=\"http:\/\/szegedicicamentok.eu\/wp-content\/uploads\/2025\/11\/IMG_20251110_182714-1-1024x768.jpg\" data-object-fit=\"cover\" srcset=\"https:\/\/szegedicicamentok.eu\/wp-content\/uploads\/2025\/11\/IMG_20251110_182714-1-1024x768.jpg 1024w, https:\/\/szegedicicamentok.eu\/wp-content\/uploads\/2025\/11\/IMG_20251110_182714-1-300x225.jpg 300w, https:\/\/szegedicicamentok.eu\/wp-content\/uploads\/2025\/11\/IMG_20251110_182714-1-768x576.jpg 768w, https:\/\/szegedicicamentok.eu\/wp-content\/uploads\/2025\/11\/IMG_20251110_182714-1-1536x1152.jpg 1536w, https:\/\/szegedicicamentok.eu\/wp-content\/uploads\/2025\/11\/IMG_20251110_182714-1-2048x1536.jpg 2048w\" sizes=\"auto, (max-width: 1024px) 100vw, 1024px\" \/><span aria-hidden=\"true\" class=\"wp-block-cover__background has-background-dim\"><\/span><div class=\"wp-block-cover__inner-container is-layout-flow wp-block-cover-is-layout-flow\">\n<p class=\"has-text-align-center has-large-font-size\"><a href=\"http:\/\/szegedicicamentok.eu\/?as_cat=400\" data-type=\"link\" data-id=\"http:\/\/szegedicicamentok.eu\/?as_cat=400\"><mark style=\"background-color:rgba(0, 0, 0, 0)\" class=\"has-inline-color has-tertiary-bg-color-color\">Gr\u00e9ti<\/mark><\/a><\/p>\n<\/div><\/div>\n<\/div>\n\n\n\n<div class=\"wp-block-column is-layout-flow wp-block-column-is-layout-flow\">\n<div class=\"wp-block-cover has-custom-content-position is-position-bottom-center\"><img loading=\"lazy\" decoding=\"async\" width=\"1024\" height=\"683\" class=\"wp-block-cover__image-background wp-image-566\" alt=\"\" src=\"http:\/\/szegedicicamentok.eu\/wp-content\/uploads\/2025\/12\/591976102_1257532403077400_19643230571232410_n-1024x683.jpg\" data-object-fit=\"cover\" srcset=\"https:\/\/szegedicicamentok.eu\/wp-content\/uploads\/2025\/12\/591976102_1257532403077400_19643230571232410_n-1024x683.jpg 1024w, https:\/\/szegedicicamentok.eu\/wp-content\/uploads\/2025\/12\/591976102_1257532403077400_19643230571232410_n-300x200.jpg 300w, https:\/\/szegedicicamentok.eu\/wp-content\/uploads\/2025\/12\/591976102_1257532403077400_19643230571232410_n-768x512.jpg 768w, https:\/\/szegedicicamentok.eu\/wp-content\/uploads\/2025\/12\/591976102_1257532403077400_19643230571232410_n-1536x1024.jpg 1536w, https:\/\/szegedicicamentok.eu\/wp-content\/uploads\/2025\/12\/591976102_1257532403077400_19643230571232410_n.jpg 2048w\" sizes=\"auto, (max-width: 1024px) 100vw, 1024px\" \/><span aria-hidden=\"true\" class=\"wp-block-cover__background has-background-dim\"><\/span><div class=\"wp-block-cover__inner-container is-layout-flow wp-block-cover-is-layout-flow\">\n<p class=\"has-text-align-center has-large-font-size\"><a href=\"http:\/\/szegedicicamentok.eu\/?as_cat=593\" data-type=\"link\" data-id=\"http:\/\/szegedicicamentok.eu\/?as_cat=593\"><mark style=\"background-color:rgba(0, 0, 0, 0)\" class=\"has-inline-color has-tertiary-bg-color-color\">Izi<\/mark><\/a><\/p>\n<\/div><\/div>\n<\/div>\n\n\n\n<div class=\"wp-block-column is-layout-flow wp-block-column-is-layout-flow\">\n<div class=\"wp-block-cover has-custom-content-position is-position-bottom-center\" style=\"min-height:426px;aspect-ratio:unset;\"><img loading=\"lazy\" decoding=\"async\" width=\"2048\" height=\"1365\" class=\"wp-block-cover__image-background wp-image-555 size-full\" alt=\"\" src=\"http:\/\/szegedicicamentok.eu\/wp-content\/uploads\/2025\/12\/mia.jpg\" data-object-fit=\"cover\" srcset=\"https:\/\/szegedicicamentok.eu\/wp-content\/uploads\/2025\/12\/mia.jpg 2048w, https:\/\/szegedicicamentok.eu\/wp-content\/uploads\/2025\/12\/mia-300x200.jpg 300w, https:\/\/szegedicicamentok.eu\/wp-content\/uploads\/2025\/12\/mia-1024x683.jpg 1024w, https:\/\/szegedicicamentok.eu\/wp-content\/uploads\/2025\/12\/mia-768x512.jpg 768w, https:\/\/szegedicicamentok.eu\/wp-content\/uploads\/2025\/12\/mia-1536x1024.jpg 1536w\" sizes=\"auto, (max-width: 2048px) 100vw, 2048px\" \/><span aria-hidden=\"true\" class=\"wp-block-cover__background has-background-dim\" style=\"background-color:#917476\"><\/span><div class=\"wp-block-cover__inner-container is-layout-flow wp-block-cover-is-layout-flow\">\n<p class=\"has-text-align-center has-large-font-size\"><a href=\"http:\/\/szegedicicamentok.eu\/?as_cat=mia\" data-type=\"link\" data-id=\"http:\/\/szegedicicamentok.eu\/?as_cat=mia\"><mark style=\"background-color:rgba(0, 0, 0, 0)\" class=\"has-inline-color has-background-color\">Mia<\/mark><\/a><\/p>\n<\/div><\/div>\n<\/div>\n<\/div>\n\n\n\n<div class=\"wp-block-columns is-layout-flex wp-container-core-columns-is-layout-28f84493 wp-block-columns-is-layout-flex\">\n<div class=\"wp-block-column is-layout-flow wp-block-column-is-layout-flow\"><\/div>\n\n\n\n<div class=\"wp-block-column is-layout-flow wp-block-column-is-layout-flow\"><\/div>\n\n\n\n<div class=\"wp-block-column is-layout-flow wp-block-column-is-layout-flow\">\n<div class=\"wp-block-group is-layout-constrained wp-block-group-is-layout-constrained\">\n<div class=\"wp-block-columns is-layout-flex wp-container-core-columns-is-layout-28f84493 wp-block-columns-is-layout-flex\">\n<div class=\"wp-block-column is-layout-flow wp-block-column-is-layout-flow\" style=\"flex-basis:100%\"><\/div>\n<\/div>\n<\/div>\n<\/div>\n<\/div>\n\n\n\n<div class=\"wp-block-columns is-layout-flex wp-container-core-columns-is-layout-28f84493 wp-block-columns-is-layout-flex\">\n<div class=\"wp-block-column is-layout-flow wp-block-column-is-layout-flow\">\n<div class=\"wp-block-cover is-light has-custom-content-position is-position-bottom-center\"><img loading=\"lazy\" decoding=\"async\" width=\"1024\" height=\"711\" class=\"wp-block-cover__image-background wp-image-673 size-large\" alt=\"\" src=\"http:\/\/szegedicicamentok.eu\/wp-content\/uploads\/2025\/12\/pl-1024x711.jpg\" data-object-fit=\"cover\" srcset=\"https:\/\/szegedicicamentok.eu\/wp-content\/uploads\/2025\/12\/pl-1024x711.jpg 1024w, https:\/\/szegedicicamentok.eu\/wp-content\/uploads\/2025\/12\/pl-300x208.jpg 300w, https:\/\/szegedicicamentok.eu\/wp-content\/uploads\/2025\/12\/pl-768x533.jpg 768w, https:\/\/szegedicicamentok.eu\/wp-content\/uploads\/2025\/12\/pl-1536x1066.jpg 1536w, https:\/\/szegedicicamentok.eu\/wp-content\/uploads\/2025\/12\/pl.jpg 2048w\" sizes=\"auto, (max-width: 1024px) 100vw, 1024px\" \/><span aria-hidden=\"true\" class=\"wp-block-cover__background has-background-dim\" style=\"background-color:#b39c9a\"><\/span><div class=\"wp-block-cover__inner-container is-layout-flow wp-block-cover-is-layout-flow\">\n<p class=\"has-text-align-center has-large-font-size\"><a href=\"http:\/\/szegedicicamentok.eu\/?as_cat=plazacica\" data-type=\"link\" data-id=\"http:\/\/szegedicicamentok.eu\/?as_cat=plazacica\"><mark style=\"background-color:rgba(0, 0, 0, 0)\" class=\"has-inline-color has-tertiary-bg-color-color\">Pl\u00e1zacica<\/mark><\/a><\/p>\n<\/div><\/div>\n<\/div>\n\n\n\n<div class=\"wp-block-column is-layout-flow wp-block-column-is-layout-flow\">\n<div class=\"wp-block-cover has-custom-content-position is-position-bottom-center\"><img loading=\"lazy\" decoding=\"async\" width=\"1024\" height=\"683\" class=\"wp-block-cover__image-background wp-image-679\" alt=\"\" src=\"http:\/\/szegedicicamentok.eu\/wp-content\/uploads\/2025\/12\/ropi-1024x683.jpg\" data-object-fit=\"cover\" srcset=\"https:\/\/szegedicicamentok.eu\/wp-content\/uploads\/2025\/12\/ropi-1024x683.jpg 1024w, https:\/\/szegedicicamentok.eu\/wp-content\/uploads\/2025\/12\/ropi-300x200.jpg 300w, https:\/\/szegedicicamentok.eu\/wp-content\/uploads\/2025\/12\/ropi-768x512.jpg 768w, https:\/\/szegedicicamentok.eu\/wp-content\/uploads\/2025\/12\/ropi-1536x1024.jpg 1536w, https:\/\/szegedicicamentok.eu\/wp-content\/uploads\/2025\/12\/ropi.jpg 2048w\" sizes=\"auto, (max-width: 1024px) 100vw, 1024px\" \/><span aria-hidden=\"true\" class=\"wp-block-cover__background has-background-dim\"><\/span><div class=\"wp-block-cover__inner-container is-layout-flow wp-block-cover-is-layout-flow\">\n<p class=\"has-text-align-center has-large-font-size\"><a href=\"http:\/\/szegedicicamentok.eu\/?as_cat=ropi\" data-type=\"link\" data-id=\"http:\/\/szegedicicamentok.eu\/?as_cat=ropi\"><mark style=\"background-color:rgba(0, 0, 0, 0)\" class=\"has-inline-color has-tertiary-bg-color-color\">Ropi<\/mark><\/a><\/p>\n<\/div><\/div>\n<\/div>\n\n\n\n<div class=\"wp-block-column is-layout-flow wp-block-column-is-layout-flow\">\n<div class=\"wp-block-group is-layout-constrained wp-block-group-is-layout-constrained\">\n<div class=\"wp-block-columns is-layout-flex wp-container-core-columns-is-layout-28f84493 wp-block-columns-is-layout-flex\">\n<div class=\"wp-block-column is-layout-flow wp-block-column-is-layout-flow\" style=\"flex-basis:100%\"><\/div>\n<\/div>\n<\/div>\n<\/div>\n<\/div>\n\n\n\n<div class=\"wp-block-columns is-layout-flex wp-container-core-columns-is-layout-28f84493 wp-block-columns-is-layout-flex\">\n<div class=\"wp-block-column is-layout-flow wp-block-column-is-layout-flow\"><\/div>\n\n\n\n<div class=\"wp-block-column is-layout-flow wp-block-column-is-layout-flow\"><\/div>\n\n\n\n<div class=\"wp-block-column is-layout-flow wp-block-column-is-layout-flow\"><\/div>\n<\/div>\n\n\n\n<div class=\"wp-block-columns is-layout-flex wp-container-core-columns-is-layout-28f84493 wp-block-columns-is-layout-flex\">\n<div class=\"wp-block-column is-layout-flow wp-block-column-is-layout-flow\"><\/div>\n\n\n\n<div class=\"wp-block-column is-layout-flow wp-block-column-is-layout-flow\"><\/div>\n\n\n\n<div class=\"wp-block-column is-layout-flow wp-block-column-is-layout-flow\"><\/div>\n<\/div>\n","protected":false},"excerpt":{"rendered":"","protected":false},"author":1,"featured_media":0,"parent":104,"menu_order":1,"comment_status":"closed","ping_status":"closed","template":"","meta":{"footnotes":""},"class_list":["post-454","page","type-page","status-publish","hentry"],"jetpack_sharing_enabled":true,"_links":{"self":[{"href":"https:\/\/szegedicicamentok.eu\/index.php?rest_route=\/wp\/v2\/pages\/454","targetHints":{"allow":["GET"]}}],"collection":[{"href":"https:\/\/szegedicicamentok.eu\/index.php?rest_route=\/wp\/v2\/pages"}],"about":[{"href":"https:\/\/szegedicicamentok.eu\/index.php?rest_route=\/wp\/v2\/types\/page"}],"author":[{"embeddable":true,"href":"https:\/\/szegedicicamentok.eu\/index.php?rest_route=\/wp\/v2\/users\/1"}],"replies":[{"embeddable":true,"href":"https:\/\/szegedicicamentok.eu\/index.php?rest_route=%2Fwp%2Fv2%2Fcomments&post=454"}],"version-history":[{"count":12,"href":"https:\/\/szegedicicamentok.eu\/index.php?rest_route=\/wp\/v2\/pages\/454\/revisions"}],"predecessor-version":[{"id":699,"href":"https:\/\/szegedicicamentok.eu\/index.php?rest_route=\/wp\/v2\/pages\/454\/revisions\/699"}],"up":[{"embeddable":true,"href":"https:\/\/szegedicicamentok.eu\/index.php?rest_route=\/wp\/v2\/pages\/104"}],"wp:attachment":[{"href":"https:\/\/szegedicicamentok.eu\/index.php?rest_route=%2Fwp%2Fv2%2Fmedia&parent=454"}],"curies":[{"name":"wp","href":"https:\/\/api.w.org\/{rel}","templated":true}]}}