{"id":19,"date":"2025-11-09T21:16:12","date_gmt":"2025-11-09T20:16:12","guid":{"rendered":"http:\/\/szegedicicamentok.eu\/?page_id=19"},"modified":"2025-12-07T20:28:20","modified_gmt":"2025-12-07T19:28:20","slug":"kapcsolat-2","status":"publish","type":"page","link":"https:\/\/szegedicicamentok.eu\/?page_id=19","title":{"rendered":"Kapcsolat \u00e9s Bemutatkoz\u00e1s"},"content":{"rendered":"\n<div style=\"height:18px\" aria-hidden=\"true\" class=\"wp-block-spacer\"><\/div>\n\n\n\n<h3 class=\"wp-block-heading\"><strong><mark style=\"background-color:rgba(0, 0, 0, 0);color:#c9a9c4\" class=\"has-inline-color\">C\u00e9lkit\u0171z\u00e9seink:<\/mark><\/strong><\/h3>\n\n\n\n<ol class=\"wp-block-list\">\n<li>Az utc\u00e1ra ker\u00fcl\u0151, illetve ott \u00e9l\u0151 \u00e1llatok seg\u00edt\u00e9se <mark style=\"background-color:rgba(0, 0, 0, 0)\" class=\"has-inline-color has-black-color\"><strong>ideiglenes befogad\u00f3h\u00e1l\u00f3zatunk seg\u00edts\u00e9g\u00e9vel<\/strong>.<\/mark><\/li>\n\n\n\n<li><strong><mark style=\"background-color:rgba(0, 0, 0, 0)\" class=\"has-inline-color has-black-color\">Ivartalan\u00edt\u00e1si programok lebonyol\u00edt\u00e1sa.<\/mark><\/strong><\/li>\n\n\n\n<li><strong>Harcolunk az \u00e1llatk\u00ednz\u00e1sok ellen, <\/strong>az \u00e1llatv\u00e9delmi t\u00f6rv\u00e9nyek betart\u00e1sa \u00e9rdek\u00e9ben.<\/li>\n\n\n\n<li>A k\u00f6rnyezettudatos szeml\u00e9letm\u00f3d \u00e9s a felel\u0151s \u00e1llattart\u00e1si kult\u00fara terjeszt\u00e9se.<\/li>\n<\/ol>\n\n\n\n<div style=\"height:30px\" aria-hidden=\"true\" class=\"wp-block-spacer\"><\/div>\n\n\n\n<div class=\"wp-block-columns alignwide is-layout-flex wp-container-core-columns-is-layout-d2da2050 wp-block-columns-is-layout-flex\" style=\"margin-bottom:0\">\n<div class=\"wp-block-column is-layout-flow wp-block-column-is-layout-flow\">\n<div class=\"wp-block-media-text has-media-on-the-right is-stacked-on-mobile\" style=\"grid-template-columns:auto 40%\"><div class=\"wp-block-media-text__content\">\n<h2 class=\"wp-block-heading\"><mark style=\"background-color:rgba(0, 0, 0, 0);color:#c9a9c4\" class=\"has-inline-color\">El\u00e9rhet\u0151s\u00e9g<\/mark><\/h2>\n\n\n\n<p><strong>K\u00fcldj \u00fczenetet az oldalunkon kereszt\u00fcl, vagy h\u00edvj minket. Ha bajba jutott \u00e1llatot tal\u00e1lsz, mindenk\u00e9pp keress minket!<\/strong><\/p>\n\n\n\n<hr class=\"wp-block-separator has-css-opacity is-style-wide\"\/>\n\n\n\n<p><mark style=\"background-color:rgba(0, 0, 0, 0);color:#c9a9c4\" class=\"has-inline-color\">C\u00edm: <\/mark>Szeged, Olajb\u00e1ny\u00e1sz t\u00e9r 01.<\/p>\n\n\n\n<p><mark style=\"background-color:rgba(0, 0, 0, 0);color:#c9a9c4\" class=\"has-inline-color\">Telefon:<\/mark> <a href=\"tel:06302244208\">06302244208<\/a><\/p>\n\n\n\n<p><mark style=\"background-color:rgba(0, 0, 0, 0);color:#c9a9c4\" class=\"has-inline-color\">Email:<\/mark> cicamentes.szeged@gmail.com<\/p>\n\n\n\n<p><mark style=\"background-color:rgba(0, 0, 0, 0);color:#c9a9c4\" class=\"has-inline-color\">Hivatalos weboldal:<\/mark> <a href=\"http:\/\/szegedicicamentok.eu\">szegedicicamentok.eu<\/a><\/p>\n<\/div><figure class=\"wp-block-media-text__media\"><img loading=\"lazy\" decoding=\"async\" width=\"683\" height=\"1024\" src=\"http:\/\/szegedicicamentok.eu\/wp-content\/uploads\/2025\/11\/pexels-didsss-1327888-3-683x1024.jpg\" alt=\"\" class=\"wp-image-211 size-full\" srcset=\"https:\/\/szegedicicamentok.eu\/wp-content\/uploads\/2025\/11\/pexels-didsss-1327888-3-683x1024.jpg 683w, https:\/\/szegedicicamentok.eu\/wp-content\/uploads\/2025\/11\/pexels-didsss-1327888-3-200x300.jpg 200w, https:\/\/szegedicicamentok.eu\/wp-content\/uploads\/2025\/11\/pexels-didsss-1327888-3-768x1152.jpg 768w, https:\/\/szegedicicamentok.eu\/wp-content\/uploads\/2025\/11\/pexels-didsss-1327888-3-1024x1536.jpg 1024w, https:\/\/szegedicicamentok.eu\/wp-content\/uploads\/2025\/11\/pexels-didsss-1327888-3-1365x2048.jpg 1365w, https:\/\/szegedicicamentok.eu\/wp-content\/uploads\/2025\/11\/pexels-didsss-1327888-3-scaled.jpg 1707w\" sizes=\"auto, (max-width: 683px) 100vw, 683px\" \/><\/figure><\/div>\n<\/div>\n<\/div>\n\n\n\n<div class=\"wp-block-media-text is-stacked-on-mobile\" style=\"grid-template-columns:40% auto\"><figure class=\"wp-block-media-text__media\"><img loading=\"lazy\" decoding=\"async\" width=\"1024\" height=\"683\" src=\"http:\/\/szegedicicamentok.eu\/wp-content\/uploads\/2025\/11\/556099915_1211320724365235_2058439166723000177_n-1024x683.jpg\" alt=\"\" class=\"wp-image-230 size-full\" srcset=\"https:\/\/szegedicicamentok.eu\/wp-content\/uploads\/2025\/11\/556099915_1211320724365235_2058439166723000177_n-1024x683.jpg 1024w, https:\/\/szegedicicamentok.eu\/wp-content\/uploads\/2025\/11\/556099915_1211320724365235_2058439166723000177_n-300x200.jpg 300w, https:\/\/szegedicicamentok.eu\/wp-content\/uploads\/2025\/11\/556099915_1211320724365235_2058439166723000177_n-768x512.jpg 768w, https:\/\/szegedicicamentok.eu\/wp-content\/uploads\/2025\/11\/556099915_1211320724365235_2058439166723000177_n-1536x1024.jpg 1536w, https:\/\/szegedicicamentok.eu\/wp-content\/uploads\/2025\/11\/556099915_1211320724365235_2058439166723000177_n.jpg 2048w\" sizes=\"auto, (max-width: 1024px) 100vw, 1024px\" \/><\/figure><div class=\"wp-block-media-text__content\">\n<h2 class=\"wp-block-heading\"><mark style=\"background-color:rgba(0, 0, 0, 0);color:#c9a9c4\" class=\"has-inline-color\">T\u00e1mogat\u00e1s<\/mark><\/h2>\n\n\n\n<p><strong><strong><mark style=\"background-color:rgba(0, 0, 0, 0)\" class=\"has-inline-color has-black-color\">Amennyiben munk\u00e1nkat a k\u00e9s\u0151bbiekben is t\u00e1mogatn\u00e1, t\u00e1rgyi felaj\u00e1nl\u00e1sokkal vagy p\u00e9nzadom\u00e1nnyal ezt megteheti!<\/mark><\/strong><\/strong><\/p>\n\n\n\n<hr class=\"wp-block-separator has-css-opacity is-style-wide\"\/>\n\n\n\n<p><strong><mark style=\"background-color:rgba(0, 0, 0, 0);color:#c9a9c4\" class=\"has-inline-color\">Ad\u00f3sz\u00e1m<\/mark>:<\/strong> 19561802\u20111\u201106<br><strong><mark style=\"background-color:rgba(0, 0, 0, 0);color:#c9a9c4\" class=\"has-inline-color\">Foly\u00f3sz\u00e1mlasz\u00e1m<\/mark>:<\/strong> 11735005\u201120544234<\/p>\n<\/div><\/div>\n\n\n<div class=\"aligncenter wp-block-site-logo\"><a href=\"https:\/\/szegedicicamentok.eu\/\" class=\"custom-logo-link\" rel=\"home\"><img loading=\"lazy\" decoding=\"async\" width=\"204\" height=\"204\" src=\"https:\/\/szegedicicamentok.eu\/wp-content\/uploads\/2025\/11\/326314561_3357624627810597_5771734224660903621_n.png\" class=\"custom-logo\" alt=\"Szegedi Cicament\u0151k Egyes\u00fclete\" srcset=\"https:\/\/szegedicicamentok.eu\/wp-content\/uploads\/2025\/11\/326314561_3357624627810597_5771734224660903621_n.png 200w, https:\/\/szegedicicamentok.eu\/wp-content\/uploads\/2025\/11\/326314561_3357624627810597_5771734224660903621_n-150x150.png 150w\" sizes=\"auto, (max-width: 204px) 100vw, 204px\" \/><\/a><\/div>\n\n\n<div style=\"height:63px\" aria-hidden=\"true\" class=\"wp-block-spacer\"><\/div>\n\n\n\n<div class=\"wp-block-group alignwide counter-sec alignfull has-primary-background-color has-background is-layout-constrained wp-container-core-group-is-layout-57859edb wp-block-group-is-layout-constrained\" style=\"margin-top:0;margin-bottom:0;padding-top:var(--wp--preset--spacing--70);padding-bottom:var(--wp--preset--spacing--70)\">\n<h2 class=\"wp-block-heading has-text-align-center\"><img decoding=\"async\" class=\"wp-image-518\" style=\"width: 68px;\" src=\"http:\/\/szegedicicamentok.eu\/wp-content\/themes\/fse-pet-shop\/assets\/images\/cat-heading.png\" alt=\"\"><strong><mark style=\"background-color:rgba(0, 0, 0, 0)\" class=\"has-inline-color has-background-color\">Az \u00f6r\u00f6kbefogad\u00e1s menete r\u00f6viden<\/mark><\/strong><\/h2>\n\n\n\n<div class=\"wp-block-columns alignwide is-layout-flex wp-container-core-columns-is-layout-d2da2050 wp-block-columns-is-layout-flex\" style=\"margin-bottom:0\">\n<div class=\"wp-block-column has-text-color has-background has-link-color wp-elements-673f17bb96f079a3b572ee9c5edb636d is-layout-flow wp-block-column-is-layout-flow\" style=\"color:#000000;background-color:#ffe97d;padding-top:2em;padding-right:2em;padding-bottom:2em;padding-left:2em\">\n<h2 class=\"wp-block-heading\" id=\"single\" style=\"font-size:40px\">1. <strong>N\u00e9zz k\u00f6r\u00fcl!<\/strong><\/h2>\n\n\n\n<hr class=\"wp-block-separator has-text-color has-css-opacity has-background is-style-wide\" style=\"background-color:#000000;color:#000000\"\/>\n\n\n\n<p>Weboldalunkon \u00e9s k\u00f6z\u00f6ss\u00e9gi fel\u00fcleteinken k\u00f6nnyed\u00e9n megismerheted lak\u00f3inkat, de azt javasoljuk, hogy min\u00e9l hamarabb szem\u00e9lyesen is l\u00e1togasd meg a kiv\u00e1lasztottat.<\/p>\n\n\n\n<p><strong><mark style=\"background-color:rgba(0, 0, 0, 0);color:#c9a9c4\" class=\"has-inline-color\">C\u00edm: <\/mark>Szeged, Olajb\u00e1ny\u00e1sz t\u00e9r 01.<\/strong><\/p>\n<\/div>\n\n\n\n<div class=\"wp-block-column has-text-color has-background has-link-color wp-elements-024b08ff228418a6a351ab6738dbdacd is-layout-flow wp-block-column-is-layout-flow\" style=\"color:#000000;background-color:#d1d1e1;padding-top:2em;padding-right:2em;padding-bottom:2em;padding-left:2em\">\n<h2 class=\"wp-block-heading\" id=\"family\" style=\"font-size:40px\"><strong>2. L\u00e1togasd meg !<\/strong><\/h2>\n\n\n\n<hr class=\"wp-block-separator has-css-opacity is-style-wide\"\/>\n\n\n\n<p>Egyeztess vel\u00fcnk id\u0151pontot, \u00e9s l\u00e1togass el hozz\u00e1nk , hogy szem\u00e9lyesen is tal\u00e1lkozhass cic\u00e1inkkal.<\/p>\n\n\n\n<p>A legfontosabb r\u00e9sze a folyamatnak, hogy kider\u00fclj\u00f6n, val\u00f3ban egym\u00e1snak sz\u00e1nt-e titeket a sors.&nbsp;<\/p>\n\n\n\n<p><mark style=\"background-color:rgba(0, 0, 0, 0);color:#c9a9c4\" class=\"has-inline-color\"><strong>Telefon<\/strong>:<\/mark> 06302244208<\/p>\n\n\n\n<p><mark style=\"background-color:rgba(0, 0, 0, 0);color:#c9a9c4\" class=\"has-inline-color\"><strong>Email<\/strong>:<\/mark> cicamentes.szeged@gmail.com<\/p>\n<\/div>\n\n\n\n<div class=\"wp-block-column has-text-color has-background has-link-color wp-elements-ec7d4cf532aa2a3b432043b6e2e284d7 is-layout-flow wp-block-column-is-layout-flow\" style=\"color:#000000;background-color:#c0ebf1;padding-top:2em;padding-right:2em;padding-bottom:2em;padding-left:2em\">\n<h2 class=\"wp-block-heading\" id=\"patron\" style=\"font-size:40px\"><strong>3.Fogadd \u00f6r\u00f6kbe!<\/strong><\/h2>\n\n\n\n<hr class=\"wp-block-separator has-css-opacity is-style-wide\"\/>\n\n\n\n<p>Ha minden rendben zajlik, sor ker\u00fcl a szerz\u0151d\u00e9sk\u00f6t\u00e9sre, ell\u00e1tunk hasznos tan\u00e1csokkal, \u00e9s \u00f6r\u00f6mmel v\u00e1rjuk majd a k\u00e9peket \u00e9s besz\u00e1mol\u00f3kat k\u00f6z\u00f6s \u00e9letetekr\u0151l.<\/p>\n<\/div>\n<\/div>\n<\/div>\n","protected":false},"excerpt":{"rendered":"<p><\/p>\n","protected":false},"author":1,"featured_media":0,"parent":0,"menu_order":0,"comment_status":"closed","ping_status":"closed","template":"","meta":{"footnotes":""},"class_list":["post-19","page","type-page","status-publish","hentry"],"jetpack_sharing_enabled":true,"_links":{"self":[{"href":"https:\/\/szegedicicamentok.eu\/index.php?rest_route=\/wp\/v2\/pages\/19","targetHints":{"allow":["GET"]}}],"collection":[{"href":"https:\/\/szegedicicamentok.eu\/index.php?rest_route=\/wp\/v2\/pages"}],"about":[{"href":"https:\/\/szegedicicamentok.eu\/index.php?rest_route=\/wp\/v2\/types\/page"}],"author":[{"embeddable":true,"href":"https:\/\/szegedicicamentok.eu\/index.php?rest_route=\/wp\/v2\/users\/1"}],"replies":[{"embeddable":true,"href":"https:\/\/szegedicicamentok.eu\/index.php?rest_route=%2Fwp%2Fv2%2Fcomments&post=19"}],"version-history":[{"count":24,"href":"https:\/\/szegedicicamentok.eu\/index.php?rest_route=\/wp\/v2\/pages\/19\/revisions"}],"predecessor-version":[{"id":635,"href":"https:\/\/szegedicicamentok.eu\/index.php?rest_route=\/wp\/v2\/pages\/19\/revisions\/635"}],"wp:attachment":[{"href":"https:\/\/szegedicicamentok.eu\/index.php?rest_route=%2Fwp%2Fv2%2Fmedia&parent=19"}],"curies":[{"name":"wp","href":"https:\/\/api.w.org\/{rel}","templated":true}]}}