{"id":104,"date":"2025-11-09T21:59:25","date_gmt":"2025-11-09T20:59:25","guid":{"rendered":"http:\/\/szegedicicamentok.eu\/?page_id=104"},"modified":"2026-01-09T21:25:24","modified_gmt":"2026-01-09T20:25:24","slug":"uzlet","status":"publish","type":"page","link":"https:\/\/szegedicicamentok.eu\/?page_id=104","title":{"rendered":"Cic\u00e1k"},"content":{"rendered":"\n<div class=\"wp-block-group product-sec alignfull has-secaccent-background-color has-background is-layout-constrained wp-container-core-group-is-layout-ca289e6f wp-block-group-is-layout-constrained\" style=\"margin-top:0;margin-bottom:0;padding-top:var(--wp--preset--spacing--70);padding-bottom:var(--wp--preset--spacing--20)\">\n<div class=\"wp-block-group is-layout-constrained wp-container-core-group-is-layout-99248b19 wp-block-group-is-layout-constrained\" style=\"margin-top:0;margin-bottom:0;padding-top:0;padding-right:0;padding-bottom:0;padding-left:0\">\n<div class=\"wp-block-columns is-layout-flex wp-container-core-columns-is-layout-28f84493 wp-block-columns-is-layout-flex\">\n<div class=\"wp-block-column is-layout-flow wp-block-column-is-layout-flow\">\n<h2 class=\"wp-block-heading cat-main-heading position-relative wow bounceInDown has-archivo-font-family\" style=\"font-size:32px;font-style:normal;font-weight:700\">\u00d6r\u00f6kbefogadhat\u00f3 cic\u00e1ink<img decoding=\"async\" class=\"wp-image-518\" style=\"width: 68px;\" src=\"http:\/\/szegedicicamentok.eu\/wp-content\/themes\/fse-pet-shop\/assets\/images\/cat-heading.png\" alt=\"\"><\/h2>\n\n\n\n<p>Cic\u00e1ink mind egyedi szem\u00e9lyis\u00e9ggel, k\u00fcl\u00f6nleges t\u00f6rt\u00e9nettel \u00e9s szeretetre \u00e9hes sz\u00edvvel v\u00e1rj\u00e1k, hogy megtal\u00e1lj\u00e1k saj\u00e1t gazdijukat. N\u00e1lunk minden macska biztons\u00e1gban, t\u00f6r\u0151d\u00e9ssel \u00e9s odafigyel\u00e9ssel \u00e9l, am\u00edg otthonra nem lel. B\u00f6ng\u00e9szd v\u00e9gig a bemutatkoz\u00f3ikat, ismerd meg szok\u00e1saikat \u00e9s kedvenc j\u00e1t\u00e9kaikat, majd ha valamelyik\u00fck megdobogtatja a sz\u00edved, egyeztess id\u0151pontot, \u00e9s l\u00e1togass el hozz\u00e1nk, hogy szem\u00e9lyesen is megismerkedhess vele.<\/p>\n<\/div>\n<\/div>\n\n\n\n<div class=\"wp-block-columns product-section-static wow fadeInLeft is-layout-flex wp-container-core-columns-is-layout-28f84493 wp-block-columns-is-layout-flex\">\n<div class=\"wp-block-column products is-layout-flow wp-block-column-is-layout-flow\">\n<div class=\"wp-block-buttons wishlist-btn is-content-justification-right is-layout-flex wp-container-core-buttons-is-layout-c0b9cabe wp-block-buttons-is-layout-flex\" style=\"margin-top:0;margin-bottom:0;padding-top:0;padding-right:0;padding-bottom:0;padding-left:0\"><\/div>\n<\/div>\n<\/div>\n\n\n\n<div class=\"wp-block-columns is-layout-flex wp-container-core-columns-is-layout-28f84493 wp-block-columns-is-layout-flex\">\n<div class=\"wp-block-column is-layout-flow wp-block-column-is-layout-flow\">\n<div class=\"wp-block-group product-img has-border-color has-heading-border-color has-background-background-color has-background is-layout-constrained wp-container-core-group-is-layout-db32e940 wp-block-group-is-layout-constrained\" style=\"border-style:dashed;border-width:1px;border-radius:20px;padding-top:var(--wp--preset--spacing--60);padding-right:var(--wp--preset--spacing--60);padding-bottom:var(--wp--preset--spacing--60);padding-left:var(--wp--preset--spacing--60)\">\n<div class=\"wp-block-group is-nowrap is-layout-flex wp-container-core-group-is-layout-6c531013 wp-block-group-is-layout-flex\">\n<figure class=\"wp-block-image aligncenter size-full is-resized\" style=\"margin-top:0;margin-right:0;margin-bottom:0;margin-left:0\"><img decoding=\"async\" src=\"http:\/\/szegedicicamentok.eu\/wp-content\/themes\/fse-pet-shop\/assets\/images\/product2.png\" alt=\"\" class=\"wp-image-939\" style=\"width:auto;height:220px\"\/><\/figure>\n\n\n\n<div class=\"wp-block-buttons product-btn is-content-justification-center is-layout-flex wp-container-core-buttons-is-layout-a89b3969 wp-block-buttons-is-layout-flex\">\n<div class=\"wp-block-button\"><a class=\"wp-block-button__link has-background-color has-text-color has-link-color has-archivo-font-family has-custom-font-size wp-element-button\" href=\"http:\/\/szegedicicamentok.eu\/?page_id=454\" style=\"font-size:18px;font-style:normal;font-weight:700\">N\u0151st\u00e9ny cic\u00e1k<\/a><\/div>\n<\/div>\n<\/div>\n<\/div>\n<\/div>\n\n\n\n<div class=\"wp-block-column is-layout-flow wp-block-column-is-layout-flow\">\n<div class=\"wp-block-group product-img has-border-color has-heading-border-color has-background-background-color has-background is-layout-constrained wp-container-core-group-is-layout-db32e940 wp-block-group-is-layout-constrained\" style=\"border-style:dashed;border-width:1px;border-radius:20px;padding-top:var(--wp--preset--spacing--60);padding-right:var(--wp--preset--spacing--60);padding-bottom:var(--wp--preset--spacing--60);padding-left:var(--wp--preset--spacing--60)\">\n<div class=\"wp-block-group is-nowrap is-layout-flex wp-container-core-group-is-layout-6c531013 wp-block-group-is-layout-flex\">\n<figure class=\"wp-block-image aligncenter size-full is-resized\" style=\"margin-top:0;margin-right:0;margin-bottom:0;margin-left:0\"><img decoding=\"async\" src=\"http:\/\/szegedicicamentok.eu\/wp-content\/themes\/fse-pet-shop\/assets\/images\/product3.png\" alt=\"\" class=\"wp-image-940\" style=\"width:auto;height:220px\"\/><\/figure>\n\n\n\n<div class=\"wp-block-buttons product-btn is-content-justification-center is-layout-flex wp-container-core-buttons-is-layout-a89b3969 wp-block-buttons-is-layout-flex\">\n<div class=\"wp-block-button\"><a class=\"wp-block-button__link has-background-color has-text-color has-link-color has-archivo-font-family has-custom-font-size wp-element-button\" href=\"http:\/\/szegedicicamentok.eu\/?page_id=45\" style=\"font-size:18px;font-style:normal;font-weight:700\">Kand\u00far cic\u00e1k<\/a><\/div>\n<\/div>\n<\/div>\n<\/div>\n<\/div>\n<\/div>\n<\/div>\n<\/div>\n\n\n\n<div style=\"height:36px\" aria-hidden=\"true\" class=\"wp-block-spacer\"><\/div>\n\n\n\n<h2 class=\"wp-block-heading has-text-align-left\"><img decoding=\"async\" class=\"wp-image-518\" style=\"width: 68px;\" src=\"http:\/\/szegedicicamentok.eu\/wp-content\/themes\/fse-pet-shop\/assets\/images\/cat-heading.png\" alt=\"\"> <strong>Gazdira v\u00e1rnak<\/strong><\/h2>\n\n\n\n<h3 class=\"wp-block-heading has-text-align-center\">A cic\u00e1k adatlapjai folyamatosan ker\u00fclnek felt\u00f6lt\u00e9sre, ez\u00e9rt az itt l\u00e1that\u00f3 cic\u00e1kon k\u00edv\u00fcl m\u00e9g sokan v\u00e1rnak bemutat\u00e1sra. \ud83d\udc3e<br>\u2026ez\u00e9rt \u00e9rdemes \u00fajra \u00e9s \u00fajra ben\u00e9zni hozz\u00e1nk.<\/h3>\n\n\n\n<div class=\"wp-block-columns is-layout-flex wp-container-core-columns-is-layout-28f84493 wp-block-columns-is-layout-flex\">\n<div class=\"wp-block-column is-layout-flow wp-block-column-is-layout-flow\">\n<div class=\"wp-block-cover is-light has-custom-content-position is-position-bottom-center\"><img loading=\"lazy\" decoding=\"async\" width=\"1024\" height=\"683\" class=\"wp-block-cover__image-background wp-image-566 size-large\" alt=\"\" src=\"http:\/\/szegedicicamentok.eu\/wp-content\/uploads\/2025\/12\/591976102_1257532403077400_19643230571232410_n-1024x683.jpg\" data-object-fit=\"cover\" srcset=\"https:\/\/szegedicicamentok.eu\/wp-content\/uploads\/2025\/12\/591976102_1257532403077400_19643230571232410_n-1024x683.jpg 1024w, https:\/\/szegedicicamentok.eu\/wp-content\/uploads\/2025\/12\/591976102_1257532403077400_19643230571232410_n-300x200.jpg 300w, https:\/\/szegedicicamentok.eu\/wp-content\/uploads\/2025\/12\/591976102_1257532403077400_19643230571232410_n-768x512.jpg 768w, https:\/\/szegedicicamentok.eu\/wp-content\/uploads\/2025\/12\/591976102_1257532403077400_19643230571232410_n-1536x1024.jpg 1536w, https:\/\/szegedicicamentok.eu\/wp-content\/uploads\/2025\/12\/591976102_1257532403077400_19643230571232410_n.jpg 2048w\" sizes=\"auto, (max-width: 1024px) 100vw, 1024px\" \/><span aria-hidden=\"true\" class=\"wp-block-cover__background has-background-dim\" style=\"background-color:#9e8a84\"><\/span><div class=\"wp-block-cover__inner-container is-layout-flow wp-block-cover-is-layout-flow\">\n<p class=\"has-text-align-center has-large-font-size\"><a href=\"http:\/\/szegedicicamentok.eu\/?as_cat=593\" data-type=\"link\" data-id=\"http:\/\/szegedicicamentok.eu\/?as_cat=593\"><mark style=\"background-color:rgba(0, 0, 0, 0)\" class=\"has-inline-color has-tertiary-bg-color-color\">Izi<\/mark><\/a><\/p>\n<\/div><\/div>\n<\/div>\n\n\n\n<div class=\"wp-block-column is-layout-flow wp-block-column-is-layout-flow\">\n<div class=\"wp-block-cover has-custom-content-position is-position-bottom-center\"><img loading=\"lazy\" decoding=\"async\" width=\"1024\" height=\"768\" class=\"wp-block-cover__image-background wp-image-410\" alt=\"\" src=\"http:\/\/szegedicicamentok.eu\/wp-content\/uploads\/2025\/11\/IMG_20251110_182714-1-1024x768.jpg\" data-object-fit=\"cover\" srcset=\"https:\/\/szegedicicamentok.eu\/wp-content\/uploads\/2025\/11\/IMG_20251110_182714-1-1024x768.jpg 1024w, https:\/\/szegedicicamentok.eu\/wp-content\/uploads\/2025\/11\/IMG_20251110_182714-1-300x225.jpg 300w, https:\/\/szegedicicamentok.eu\/wp-content\/uploads\/2025\/11\/IMG_20251110_182714-1-768x576.jpg 768w, https:\/\/szegedicicamentok.eu\/wp-content\/uploads\/2025\/11\/IMG_20251110_182714-1-1536x1152.jpg 1536w, https:\/\/szegedicicamentok.eu\/wp-content\/uploads\/2025\/11\/IMG_20251110_182714-1-2048x1536.jpg 2048w\" sizes=\"auto, (max-width: 1024px) 100vw, 1024px\" \/><span aria-hidden=\"true\" class=\"wp-block-cover__background has-background-dim\"><\/span><div class=\"wp-block-cover__inner-container is-layout-flow wp-block-cover-is-layout-flow\">\n<p class=\"has-text-align-center has-large-font-size\"><a href=\"http:\/\/szegedicicamentok.eu\/?as_cat=400\" data-type=\"link\" data-id=\"http:\/\/szegedicicamentok.eu\/?as_cat=400\"><mark style=\"background-color:rgba(0, 0, 0, 0)\" class=\"has-inline-color has-tertiary-bg-color-color\">Gr\u00e9ti<\/mark><\/a><\/p>\n<\/div><\/div>\n<\/div>\n\n\n\n<div class=\"wp-block-column is-layout-flow wp-block-column-is-layout-flow\">\n<div class=\"wp-block-cover has-custom-content-position is-position-bottom-center\" style=\"min-height:426px;aspect-ratio:unset;\"><img loading=\"lazy\" decoding=\"async\" width=\"2048\" height=\"1365\" class=\"wp-block-cover__image-background wp-image-555 size-full\" alt=\"\" src=\"http:\/\/szegedicicamentok.eu\/wp-content\/uploads\/2025\/12\/mia.jpg\" data-object-fit=\"cover\" srcset=\"https:\/\/szegedicicamentok.eu\/wp-content\/uploads\/2025\/12\/mia.jpg 2048w, https:\/\/szegedicicamentok.eu\/wp-content\/uploads\/2025\/12\/mia-300x200.jpg 300w, https:\/\/szegedicicamentok.eu\/wp-content\/uploads\/2025\/12\/mia-1024x683.jpg 1024w, https:\/\/szegedicicamentok.eu\/wp-content\/uploads\/2025\/12\/mia-768x512.jpg 768w, https:\/\/szegedicicamentok.eu\/wp-content\/uploads\/2025\/12\/mia-1536x1024.jpg 1536w\" sizes=\"auto, (max-width: 2048px) 100vw, 2048px\" \/><span aria-hidden=\"true\" class=\"wp-block-cover__background has-background-dim\" style=\"background-color:#917476\"><\/span><div class=\"wp-block-cover__inner-container is-layout-flow wp-block-cover-is-layout-flow\">\n<p class=\"has-text-align-center has-large-font-size\"><a href=\"http:\/\/szegedicicamentok.eu\/?as_cat=mia\" data-type=\"link\" data-id=\"http:\/\/szegedicicamentok.eu\/?as_cat=mia\"><mark style=\"background-color:rgba(0, 0, 0, 0)\" class=\"has-inline-color has-background-color\">Mia<\/mark><\/a><\/p>\n<\/div><\/div>\n<\/div>\n<\/div>\n\n\n\n<div style=\"height:19px\" aria-hidden=\"true\" class=\"wp-block-spacer\"><\/div>\n\n\n\n<div class=\"wp-block-columns is-layout-flex wp-container-core-columns-is-layout-28f84493 wp-block-columns-is-layout-flex\">\n<div class=\"wp-block-column is-layout-flow wp-block-column-is-layout-flow\">\n<div class=\"wp-block-cover is-light has-custom-content-position is-position-bottom-center\"><img loading=\"lazy\" decoding=\"async\" width=\"1024\" height=\"711\" class=\"wp-block-cover__image-background wp-image-673 size-large\" alt=\"\" src=\"http:\/\/szegedicicamentok.eu\/wp-content\/uploads\/2025\/12\/pl-1024x711.jpg\" data-object-fit=\"cover\" srcset=\"https:\/\/szegedicicamentok.eu\/wp-content\/uploads\/2025\/12\/pl-1024x711.jpg 1024w, https:\/\/szegedicicamentok.eu\/wp-content\/uploads\/2025\/12\/pl-300x208.jpg 300w, https:\/\/szegedicicamentok.eu\/wp-content\/uploads\/2025\/12\/pl-768x533.jpg 768w, https:\/\/szegedicicamentok.eu\/wp-content\/uploads\/2025\/12\/pl-1536x1066.jpg 1536w, https:\/\/szegedicicamentok.eu\/wp-content\/uploads\/2025\/12\/pl.jpg 2048w\" sizes=\"auto, (max-width: 1024px) 100vw, 1024px\" \/><span aria-hidden=\"true\" class=\"wp-block-cover__background has-background-dim\" style=\"background-color:#b39c9a\"><\/span><div class=\"wp-block-cover__inner-container is-layout-flow wp-block-cover-is-layout-flow\">\n<p class=\"has-text-align-center has-large-font-size\"><a href=\"http:\/\/szegedicicamentok.eu\/?as_cat=plazacica\" data-type=\"link\" data-id=\"http:\/\/szegedicicamentok.eu\/?as_cat=plazacica\"><mark style=\"background-color:rgba(0, 0, 0, 0)\" class=\"has-inline-color has-tertiary-bg-color-color\">Pl\u00e1zacica<\/mark><\/a><\/p>\n<\/div><\/div>\n<\/div>\n\n\n\n<div class=\"wp-block-column is-layout-flow wp-block-column-is-layout-flow\">\n<div class=\"wp-block-cover aligncenter has-custom-content-position is-position-bottom-center\"><img loading=\"lazy\" decoding=\"async\" width=\"1024\" height=\"683\" class=\"wp-block-cover__image-background wp-image-679\" alt=\"\" src=\"http:\/\/szegedicicamentok.eu\/wp-content\/uploads\/2025\/12\/ropi-1024x683.jpg\" data-object-fit=\"cover\" srcset=\"https:\/\/szegedicicamentok.eu\/wp-content\/uploads\/2025\/12\/ropi-1024x683.jpg 1024w, https:\/\/szegedicicamentok.eu\/wp-content\/uploads\/2025\/12\/ropi-300x200.jpg 300w, https:\/\/szegedicicamentok.eu\/wp-content\/uploads\/2025\/12\/ropi-768x512.jpg 768w, https:\/\/szegedicicamentok.eu\/wp-content\/uploads\/2025\/12\/ropi-1536x1024.jpg 1536w, https:\/\/szegedicicamentok.eu\/wp-content\/uploads\/2025\/12\/ropi.jpg 2048w\" sizes=\"auto, (max-width: 1024px) 100vw, 1024px\" \/><span aria-hidden=\"true\" class=\"wp-block-cover__background has-background-dim\"><\/span><div class=\"wp-block-cover__inner-container is-layout-flow wp-block-cover-is-layout-flow\">\n<p class=\"has-text-align-center has-large-font-size\"><a href=\"http:\/\/szegedicicamentok.eu\/?as_cat=ropi\" data-type=\"link\" data-id=\"http:\/\/szegedicicamentok.eu\/?as_cat=ropi\"><mark style=\"background-color:rgba(0, 0, 0, 0)\" class=\"has-inline-color has-tertiary-bg-color-color\">Ropi<\/mark><\/a><\/p>\n<\/div><\/div>\n<\/div>\n\n\n\n<div class=\"wp-block-column is-layout-flow wp-block-column-is-layout-flow\">\n<div class=\"wp-block-group is-layout-constrained wp-block-group-is-layout-constrained\">\n<div class=\"wp-block-columns is-layout-flex wp-container-core-columns-is-layout-28f84493 wp-block-columns-is-layout-flex\">\n<div class=\"wp-block-column is-layout-flow wp-block-column-is-layout-flow\" style=\"flex-basis:100%\">\n<div class=\"wp-block-cover has-custom-content-position is-position-bottom-center\"><img loading=\"lazy\" decoding=\"async\" width=\"768\" height=\"1024\" class=\"wp-block-cover__image-background wp-image-433\" alt=\"\" src=\"http:\/\/szegedicicamentok.eu\/wp-content\/uploads\/2025\/11\/IMG_20251110_182936-768x1024.jpg\" data-object-fit=\"cover\" srcset=\"https:\/\/szegedicicamentok.eu\/wp-content\/uploads\/2025\/11\/IMG_20251110_182936-768x1024.jpg 768w, https:\/\/szegedicicamentok.eu\/wp-content\/uploads\/2025\/11\/IMG_20251110_182936-225x300.jpg 225w, https:\/\/szegedicicamentok.eu\/wp-content\/uploads\/2025\/11\/IMG_20251110_182936-1152x1536.jpg 1152w, https:\/\/szegedicicamentok.eu\/wp-content\/uploads\/2025\/11\/IMG_20251110_182936-1536x2048.jpg 1536w, https:\/\/szegedicicamentok.eu\/wp-content\/uploads\/2025\/11\/IMG_20251110_182936-scaled.jpg 1920w\" sizes=\"auto, (max-width: 768px) 100vw, 768px\" \/><span aria-hidden=\"true\" class=\"wp-block-cover__background has-background-dim\"><\/span><div class=\"wp-block-cover__inner-container is-layout-flow wp-block-cover-is-layout-flow\">\n<p class=\"has-text-align-center has-large-font-size\"><a href=\"http:\/\/szegedicicamentok.eu\/?as_cat=csoki\" data-type=\"link\" data-id=\"http:\/\/szegedicicamentok.eu\/?as_cat=csoki\"><mark style=\"background-color:rgba(0, 0, 0, 0)\" class=\"has-inline-color has-tertiary-bg-color-color\">Csoki<\/mark><\/a><\/p>\n<\/div><\/div>\n<\/div>\n<\/div>\n<\/div>\n<\/div>\n<\/div>\n\n\n\n<div class=\"wp-block-columns is-layout-flex wp-container-core-columns-is-layout-28f84493 wp-block-columns-is-layout-flex\">\n<div class=\"wp-block-column is-layout-flow wp-block-column-is-layout-flow\">\n<div class=\"wp-block-cover is-light has-custom-content-position is-position-bottom-center\"><img loading=\"lazy\" decoding=\"async\" width=\"1024\" height=\"641\" class=\"wp-block-cover__image-background wp-image-565 size-large\" alt=\"\" src=\"http:\/\/szegedicicamentok.eu\/wp-content\/uploads\/2025\/12\/592063965_1257530769744230_1631686494767336580_n-1024x641.jpg\" data-object-fit=\"cover\" srcset=\"https:\/\/szegedicicamentok.eu\/wp-content\/uploads\/2025\/12\/592063965_1257530769744230_1631686494767336580_n-1024x641.jpg 1024w, https:\/\/szegedicicamentok.eu\/wp-content\/uploads\/2025\/12\/592063965_1257530769744230_1631686494767336580_n-300x188.jpg 300w, https:\/\/szegedicicamentok.eu\/wp-content\/uploads\/2025\/12\/592063965_1257530769744230_1631686494767336580_n-768x481.jpg 768w, https:\/\/szegedicicamentok.eu\/wp-content\/uploads\/2025\/12\/592063965_1257530769744230_1631686494767336580_n-1536x962.jpg 1536w, https:\/\/szegedicicamentok.eu\/wp-content\/uploads\/2025\/12\/592063965_1257530769744230_1631686494767336580_n.jpg 2048w\" sizes=\"auto, (max-width: 1024px) 100vw, 1024px\" \/><span aria-hidden=\"true\" class=\"wp-block-cover__background has-background-dim\" style=\"background-color:#99836d\"><\/span><div class=\"wp-block-cover__inner-container is-layout-flow wp-block-cover-is-layout-flow\">\n<p class=\"has-text-align-center has-large-font-size\"><a href=\"http:\/\/szegedicicamentok.eu\/?as_cat=kiskormi\" data-type=\"link\" data-id=\"http:\/\/szegedicicamentok.eu\/?as_cat=kiskormi\"><mark style=\"background-color:rgba(0, 0, 0, 0)\" class=\"has-inline-color has-tertiary-bg-color-color\">KisKormi<\/mark><\/a><\/p>\n<\/div><\/div>\n<\/div>\n\n\n\n<div class=\"wp-block-column is-layout-flow wp-block-column-is-layout-flow\"><\/div>\n\n\n\n<div class=\"wp-block-column is-layout-flow wp-block-column-is-layout-flow\">\n<div class=\"wp-block-group is-layout-constrained wp-block-group-is-layout-constrained\">\n<div class=\"wp-block-columns is-layout-flex wp-container-core-columns-is-layout-28f84493 wp-block-columns-is-layout-flex\">\n<div class=\"wp-block-column is-layout-flow wp-block-column-is-layout-flow\" style=\"flex-basis:100%\"><\/div>\n<\/div>\n<\/div>\n<\/div>\n<\/div>\n\n\n\n<div class=\"wp-block-columns is-layout-flex wp-container-core-columns-is-layout-28f84493 wp-block-columns-is-layout-flex\">\n<div class=\"wp-block-column is-layout-flow wp-block-column-is-layout-flow\"><\/div>\n\n\n\n<div class=\"wp-block-column is-layout-flow wp-block-column-is-layout-flow\"><\/div>\n\n\n\n<div class=\"wp-block-column is-layout-flow wp-block-column-is-layout-flow\">\n<div class=\"wp-block-group is-layout-constrained wp-block-group-is-layout-constrained\">\n<div class=\"wp-block-columns is-layout-flex wp-container-core-columns-is-layout-28f84493 wp-block-columns-is-layout-flex\">\n<div class=\"wp-block-column is-layout-flow wp-block-column-is-layout-flow\" style=\"flex-basis:100%\"><\/div>\n<\/div>\n<\/div>\n<\/div>\n<\/div>\n\n\n\n<div class=\"wp-block-columns is-layout-flex wp-container-core-columns-is-layout-28f84493 wp-block-columns-is-layout-flex\">\n<div class=\"wp-block-column is-layout-flow wp-block-column-is-layout-flow\"><\/div>\n\n\n\n<div class=\"wp-block-column is-layout-flow wp-block-column-is-layout-flow\"><\/div>\n\n\n\n<div class=\"wp-block-column is-layout-flow wp-block-column-is-layout-flow\"><\/div>\n<\/div>\n\n\n\n<p><\/p>\n","protected":false},"excerpt":{"rendered":"<p>\u00d6r\u00f6kbefogadhat\u00f3 cic\u00e1ink Cic\u00e1ink mind egyedi szem\u00e9lyis\u00e9ggel, k\u00fcl\u00f6nleges t\u00f6rt\u00e9nettel \u00e9s szeretetre \u00e9hes sz\u00edvvel v\u00e1rj\u00e1k, hogy megtal\u00e1lj\u00e1k saj\u00e1t gazdijukat. N\u00e1lunk minden macska biztons\u00e1gban, t\u00f6r\u0151d\u00e9ssel \u00e9s odafigyel\u00e9ssel \u00e9l, am\u00edg otthonra nem lel. B\u00f6ng\u00e9szd v\u00e9gig a bemutatkoz\u00f3ikat, ismerd meg szok\u00e1saikat \u00e9s kedvenc j\u00e1t\u00e9kaikat, majd ha valamelyik\u00fck megdobogtatja a sz\u00edved, egyeztess id\u0151pontot, \u00e9s l\u00e1togass el hozz\u00e1nk, hogy szem\u00e9lyesen is megismerkedhess [&hellip;]<\/p>\n","protected":false},"author":1,"featured_media":404,"parent":0,"menu_order":0,"comment_status":"closed","ping_status":"closed","template":"","meta":{"footnotes":""},"class_list":["post-104","page","type-page","status-publish","has-post-thumbnail","hentry"],"jetpack_sharing_enabled":true,"_links":{"self":[{"href":"https:\/\/szegedicicamentok.eu\/index.php?rest_route=\/wp\/v2\/pages\/104","targetHints":{"allow":["GET"]}}],"collection":[{"href":"https:\/\/szegedicicamentok.eu\/index.php?rest_route=\/wp\/v2\/pages"}],"about":[{"href":"https:\/\/szegedicicamentok.eu\/index.php?rest_route=\/wp\/v2\/types\/page"}],"author":[{"embeddable":true,"href":"https:\/\/szegedicicamentok.eu\/index.php?rest_route=\/wp\/v2\/users\/1"}],"replies":[{"embeddable":true,"href":"https:\/\/szegedicicamentok.eu\/index.php?rest_route=%2Fwp%2Fv2%2Fcomments&post=104"}],"version-history":[{"count":51,"href":"https:\/\/szegedicicamentok.eu\/index.php?rest_route=\/wp\/v2\/pages\/104\/revisions"}],"predecessor-version":[{"id":696,"href":"https:\/\/szegedicicamentok.eu\/index.php?rest_route=\/wp\/v2\/pages\/104\/revisions\/696"}],"wp:featuredmedia":[{"embeddable":true,"href":"https:\/\/szegedicicamentok.eu\/index.php?rest_route=\/wp\/v2\/media\/404"}],"wp:attachment":[{"href":"https:\/\/szegedicicamentok.eu\/index.php?rest_route=%2Fwp%2Fv2%2Fmedia&parent=104"}],"curies":[{"name":"wp","href":"https:\/\/api.w.org\/{rel}","templated":true}]}}